{"id":999,"date":"2024-03-23T18:57:13","date_gmt":"2024-03-23T17:57:13","guid":{"rendered":"https:\/\/modulespas-deco.re\/?page_id=999"},"modified":"2025-07-29T14:23:30","modified_gmt":"2025-07-29T12:23:30","slug":"installation-livraisons","status":"publish","type":"page","link":"https:\/\/modulespas-deco.re\/?page_id=999","title":{"rendered":"Livraison &#038; Installation"},"content":{"rendered":"\t\t<div data-elementor-type=\"wp-page\" data-elementor-id=\"999\" class=\"elementor elementor-999\" data-elementor-post-type=\"page\">\n\t\t\t\t<div class=\"elementor-element elementor-element-fe443d6 e-con-full e-flex e-con e-parent\" data-id=\"fe443d6\" data-element_type=\"container\">\n\t\t<div class=\"elementor-element elementor-element-e8596ac e-con-full e-flex e-con e-child\" data-id=\"e8596ac\" data-element_type=\"container\">\n\t\t\t\t<div class=\"elementor-element elementor-element-161eb85 elementor-widget elementor-widget-image\" data-id=\"161eb85\" data-element_type=\"widget\" data-widget_type=\"image.default\">\n\t\t\t\t<div class=\"elementor-widget-container\">\n\t\t\t\t\t\t\t\t\t\t\t\t\t\t\t<img fetchpriority=\"high\" decoding=\"async\" width=\"2560\" height=\"1696\" src=\"https:\/\/modulespas-deco.re\/wp-content\/uploads\/2025\/07\/motion-image-white-truck-driving-with-speed-scaled.jpg\" class=\"attachment-full size-full wp-image-1859\" alt=\"\" srcset=\"https:\/\/modulespas-deco.re\/wp-content\/uploads\/2025\/07\/motion-image-white-truck-driving-with-speed-scaled.jpg 2560w, https:\/\/modulespas-deco.re\/wp-content\/uploads\/2025\/07\/motion-image-white-truck-driving-with-speed-300x199.jpg 300w, https:\/\/modulespas-deco.re\/wp-content\/uploads\/2025\/07\/motion-image-white-truck-driving-with-speed-1024x678.jpg 1024w, https:\/\/modulespas-deco.re\/wp-content\/uploads\/2025\/07\/motion-image-white-truck-driving-with-speed-768x509.jpg 768w, https:\/\/modulespas-deco.re\/wp-content\/uploads\/2025\/07\/motion-image-white-truck-driving-with-speed-1536x1017.jpg 1536w, https:\/\/modulespas-deco.re\/wp-content\/uploads\/2025\/07\/motion-image-white-truck-driving-with-speed-2048x1356.jpg 2048w\" sizes=\"(max-width: 2560px) 100vw, 2560px\" \/>\t\t\t\t\t\t\t\t\t\t\t\t\t\t\t<\/div>\n\t\t\t\t<\/div>\n\t\t\t\t<\/div>\n\t\t<div class=\"elementor-element elementor-element-1a0ec61 e-con-full e-flex e-con e-child\" data-id=\"1a0ec61\" data-element_type=\"container\">\n\t\t<div class=\"elementor-element elementor-element-65df5b2 e-flex e-con-boxed e-con e-child\" data-id=\"65df5b2\" data-element_type=\"container\">\n\t\t\t\t\t<div class=\"e-con-inner\">\n\t\t\t\t<div class=\"elementor-element elementor-element-4ab5a1d elementor-widget elementor-widget-heading\" data-id=\"4ab5a1d\" data-element_type=\"widget\" data-widget_type=\"heading.default\">\n\t\t\t\t<div class=\"elementor-widget-container\">\n\t\t\t\t\t<h5 class=\"elementor-heading-title elementor-size-default\">NOS D\u00e9lais<\/h5>\t\t\t\t<\/div>\n\t\t\t\t<\/div>\n\t\t\t\t<div class=\"elementor-element elementor-element-9ce9265 elementor-widget elementor-widget-text-editor\" data-id=\"9ce9265\" data-element_type=\"widget\" data-widget_type=\"text-editor.default\">\n\t\t\t\t<div class=\"elementor-widget-container\">\n\t\t\t\t\t\t\t\t\t<p>Quelque soit le Mod\u00e8le, le Design choisis et vos diverses Personnalisations, nous vous livrons et vous installons en <strong>45jours maximum<\/strong>.<\/p><p>Commande et R\u00e9ception des divers mat\u00e9riaux : <strong><em>20 jours<\/em><\/strong><\/p><p>Fabrication effective et concr\u00e8te du Modulaire : <em><strong>15 jours<\/strong><\/em><\/p><p>Installation et Finalisation de tous les diff\u00e9rents d\u00e9tails \u00e0 l&#8217;emplacement que vous souhaitez : <strong>05 jours<\/strong><\/p><p>Marge de retard par rapport aux d\u00e9lais pr\u00e9vus : <strong>05<\/strong> <strong>jours<\/strong><\/p>\t\t\t\t\t\t\t\t<\/div>\n\t\t\t\t<\/div>\n\t\t\t\t\t<\/div>\n\t\t\t\t<\/div>\n\t\t\t\t<\/div>\n\t\t\t\t<\/div>\n\t\t\t\t<\/div>\n\t\t","protected":false},"excerpt":{"rendered":"<p>NOS D\u00e9lais Quelque soit le Mod\u00e8le, le Design choisis et vos diverses Personnalisations, nous vous livrons et vous installons en 45jours maximum. Commande et R\u00e9ception des divers mat\u00e9riaux : 20 jours Fabrication effective et concr\u00e8te du Modulaire : 15 jours Installation et Finalisation de tous les diff\u00e9rents d\u00e9tails \u00e0 l&#8217;emplacement que vous souhaitez : 05 [&hellip;]<\/p>\n","protected":false},"author":1,"featured_media":0,"parent":0,"menu_order":0,"comment_status":"closed","ping_status":"closed","template":"","meta":{"_eb_attr":"","footnotes":""},"class_list":["post-999","page","type-page","status-publish","hentry"],"_links":{"self":[{"href":"https:\/\/modulespas-deco.re\/index.php?rest_route=\/wp\/v2\/pages\/999","targetHints":{"allow":["GET"]}}],"collection":[{"href":"https:\/\/modulespas-deco.re\/index.php?rest_route=\/wp\/v2\/pages"}],"about":[{"href":"https:\/\/modulespas-deco.re\/index.php?rest_route=\/wp\/v2\/types\/page"}],"author":[{"embeddable":true,"href":"https:\/\/modulespas-deco.re\/index.php?rest_route=\/wp\/v2\/users\/1"}],"replies":[{"embeddable":true,"href":"https:\/\/modulespas-deco.re\/index.php?rest_route=%2Fwp%2Fv2%2Fcomments&post=999"}],"version-history":[{"count":51,"href":"https:\/\/modulespas-deco.re\/index.php?rest_route=\/wp\/v2\/pages\/999\/revisions"}],"predecessor-version":[{"id":1892,"href":"https:\/\/modulespas-deco.re\/index.php?rest_route=\/wp\/v2\/pages\/999\/revisions\/1892"}],"wp:attachment":[{"href":"https:\/\/modulespas-deco.re\/index.php?rest_route=%2Fwp%2Fv2%2Fmedia&parent=999"}],"curies":[{"name":"wp","href":"https:\/\/api.w.org\/{rel}","templated":true}]}}